{"id":2,"date":"2023-11-09T09:28:51","date_gmt":"2023-11-09T09:28:51","guid":{"rendered":"http:\/\/arcafacade.ro\/?page_id=2"},"modified":"2023-11-17T09:27:29","modified_gmt":"2023-11-17T09:27:29","slug":"site-in-constructie","status":"publish","type":"page","link":"https:\/\/arcafacade.ro\/","title":{"rendered":"Site in constructie"},"content":{"rendered":"\t\t<div data-elementor-type=\"wp-page\" data-elementor-id=\"2\" class=\"elementor elementor-2\">\n\t\t\t\t\t\t\t<div class=\"elementor-element elementor-element-7adcab65 e-con-full e-flex e-con e-parent\" data-id=\"7adcab65\" data-element_type=\"container\" data-settings=\"{&quot;content_width&quot;:&quot;full&quot;,&quot;background_background&quot;:&quot;slideshow&quot;,&quot;background_slideshow_gallery&quot;:[{&quot;id&quot;:13,&quot;url&quot;:&quot;https:\\\/\\\/arcafacade.ro\\\/wp-content\\\/uploads\\\/2023\\\/11\\\/bg2-arca-facade.jpg&quot;},{&quot;id&quot;:12,&quot;url&quot;:&quot;https:\\\/\\\/arcafacade.ro\\\/wp-content\\\/uploads\\\/2023\\\/11\\\/bg1-arca-facade-.jpg&quot;}],&quot;background_slideshow_lazyload&quot;:&quot;yes&quot;,&quot;background_slideshow_loop&quot;:&quot;yes&quot;,&quot;background_slideshow_slide_duration&quot;:5000,&quot;background_slideshow_slide_transition&quot;:&quot;fade&quot;,&quot;background_slideshow_transition_duration&quot;:500}\" data-core-v316-plus=\"true\">\n\t\t\t\t<div class=\"elementor-element elementor-element-fa51937 elementor-widget elementor-widget-image\" data-id=\"fa51937\" data-element_type=\"widget\" data-widget_type=\"image.default\">\n\t\t\t\t<div class=\"elementor-widget-container\">\n\t\t\t<style>\/*! elementor - v3.17.0 - 08-11-2023 *\/\n.elementor-widget-image{text-align:center}.elementor-widget-image a{display:inline-block}.elementor-widget-image a img[src$=\".svg\"]{width:48px}.elementor-widget-image img{vertical-align:middle;display:inline-block}<\/style>\t\t\t\t\t\t\t\t\t\t\t\t<img decoding=\"async\" width=\"300\" height=\"156\" src=\"https:\/\/arcafacade.ro\/wp-content\/uploads\/2023\/11\/logo-transparent-cladiri-gri-300x156.png\" class=\"attachment-medium size-medium wp-image-83\" alt=\"\" srcset=\"https:\/\/arcafacade.ro\/wp-content\/uploads\/2023\/11\/logo-transparent-cladiri-gri-300x156.png 300w, https:\/\/arcafacade.ro\/wp-content\/uploads\/2023\/11\/logo-transparent-cladiri-gri.png 375w\" sizes=\"(max-width: 300px) 100vw, 300px\" \/>\t\t\t\t\t\t\t\t\t\t\t\t\t\t\t<\/div>\n\t\t\t\t<\/div>\n\t\t\t\t<div class=\"elementor-element elementor-element-6addbf48 elementor-widget elementor-widget-text-editor\" data-id=\"6addbf48\" data-element_type=\"widget\" data-widget_type=\"text-editor.default\">\n\t\t\t\t<div class=\"elementor-widget-container\">\n\t\t\t<style>\/*! elementor - v3.17.0 - 08-11-2023 *\/\n.elementor-widget-text-editor.elementor-drop-cap-view-stacked .elementor-drop-cap{background-color:#69727d;color:#fff}.elementor-widget-text-editor.elementor-drop-cap-view-framed .elementor-drop-cap{color:#69727d;border:3px solid;background-color:transparent}.elementor-widget-text-editor:not(.elementor-drop-cap-view-default) .elementor-drop-cap{margin-top:8px}.elementor-widget-text-editor:not(.elementor-drop-cap-view-default) .elementor-drop-cap-letter{width:1em;height:1em}.elementor-widget-text-editor .elementor-drop-cap{float:left;text-align:center;line-height:1;font-size:50px}.elementor-widget-text-editor .elementor-drop-cap-letter{display:inline-block}<\/style>\t\t\t\t<h1 style=\"text-align: center;\"><strong><em>SITE \u00ceN CONSTRUC\u021aIE<\/em><\/strong><\/h1><h4 style=\"text-align: center;\">Arca Facade Concept este o companie inovatoare specializat\u0103 \u00een solu\u021bii arhitecturale avansate, axat\u0103 pe oferirea de servicii premium \u00een domeniul fa\u021badelor ventilate, pere\u021bilor cortin\u0103, precum \u0219i \u00een domeniul t\u00e2mpl\u0103riei din aluminiu. Echipa noastr\u0103 de exper\u021bi \u00een design \u0219i construc\u021bie vizeaz\u0103 transformarea viselor tale arhitecturale \u00een realitate, pun\u00e2nd la dispozi\u021bie cele mai moderne \u0219i durabile solu\u021bii pentru proiectul t\u0103u.<\/h4><h2 style=\"text-align: center;\">Alexandru Huidiu<\/h2><h3 style=\"text-align: center;\">Manager<\/h3><h3 style=\"text-align: center;\"><em><a style=\"color: #15c7bc;\" href=\"tel:+40724780718\">\ud83d\udcf1 +40 724 780 718<\/a><\/em><\/h3><h3 style=\"text-align: center;\"><em><a style=\"color: #15c7bc;\" href=\"mailto:huidiu@arcafacade.ro\">\ud83d\udce7 huidiu@arcafacade.ro<\/a><\/em><\/h3><p>t<\/p>\t\t\t\t\t\t<\/div>\n\t\t\t\t<\/div>\n\t\t\t\t<\/div>\n\t\t\t\t\t\t\t<\/div>\n\t\t","protected":false},"excerpt":{"rendered":"<p>SITE \u00ceN CONSTRUC\u021aIE Arca Facade Concept este o companie inovatoare specializat\u0103 \u00een solu\u021bii arhitecturale avansate, axat\u0103 pe oferirea de servicii premium \u00een domeniul fa\u021badelor ventilate, pere\u021bilor cortin\u0103, precum \u0219i \u00een domeniul t\u00e2mpl\u0103riei din aluminiu. Echipa noastr\u0103 de exper\u021bi \u00een design \u0219i construc\u021bie vizeaz\u0103 transformarea viselor tale arhitecturale \u00een realitate, pun\u00e2nd la dispozi\u021bie cele mai moderne [&hellip;]<\/p>\n","protected":false},"author":1,"featured_media":0,"parent":0,"menu_order":0,"comment_status":"closed","ping_status":"closed","template":"elementor_canvas","meta":{"footnotes":""},"class_list":["post-2","page","type-page","status-publish","hentry"],"_links":{"self":[{"href":"https:\/\/arcafacade.ro\/index.php\/wp-json\/wp\/v2\/pages\/2","targetHints":{"allow":["GET"]}}],"collection":[{"href":"https:\/\/arcafacade.ro\/index.php\/wp-json\/wp\/v2\/pages"}],"about":[{"href":"https:\/\/arcafacade.ro\/index.php\/wp-json\/wp\/v2\/types\/page"}],"author":[{"embeddable":true,"href":"https:\/\/arcafacade.ro\/index.php\/wp-json\/wp\/v2\/users\/1"}],"replies":[{"embeddable":true,"href":"https:\/\/arcafacade.ro\/index.php\/wp-json\/wp\/v2\/comments?post=2"}],"version-history":[{"count":77,"href":"https:\/\/arcafacade.ro\/index.php\/wp-json\/wp\/v2\/pages\/2\/revisions"}],"predecessor-version":[{"id":100,"href":"https:\/\/arcafacade.ro\/index.php\/wp-json\/wp\/v2\/pages\/2\/revisions\/100"}],"wp:attachment":[{"href":"https:\/\/arcafacade.ro\/index.php\/wp-json\/wp\/v2\/media?parent=2"}],"curies":[{"name":"wp","href":"https:\/\/api.w.org\/{rel}","templated":true}]}}